{"id":3172,"date":"2022-05-20T18:26:46","date_gmt":"2022-05-20T23:26:46","guid":{"rendered":"https:\/\/www.invitacioneseditables.com\/producto\/angry-birds-01-invitation\/"},"modified":"2025-09-27T20:49:52","modified_gmt":"2025-09-28T01:49:52","slug":"angry-birds-invitation-01","status":"publish","type":"product","link":"https:\/\/www.invitacioneseditables.com\/en\/producto\/angry-birds-invitation-01\/","title":{"rendered":"Angry Birds Invitation 01"},"content":{"rendered":"<div class=\"invit-antes-del-contenido\" id=\"invit-4161718303\"><div class=\"invit-adlabel\">Ad<\/div><div style=\"margin-bottom: 21px;margin-left: auto;margin-right: auto;text-align: center;\" id=\"invit-2236058175\"><script async src=\"\/\/pagead2.googlesyndication.com\/pagead\/js\/adsbygoogle.js?client=ca-pub-5898140149382035\" crossorigin=\"anonymous\"><\/script><ins class=\"adsbygoogle\" style=\"display:block;\" data-ad-client=\"ca-pub-5898140149382035\" \ndata-ad-slot=\"9332988944\" \ndata-ad-format=\"auto\"><\/ins>\n<script> \n(adsbygoogle = window.adsbygoogle || []).push({}); \n<\/script>\n<\/div><\/div><h2>Instructions to edit invitations for free<\/h2>\n<ol>\n <li>Click the \"Customize Free\" button, this will open an editor so you can customize the card.<\/li>\n <li>Click on the fields to customize (Name, Age, Day, Time, Place and RSVP) and customize them with your information.<\/li>\n <li>Once the fields have been customized, proceed to click on the icon <span class=\"fpd-icon-cloud-download\">.<\/li>\n<li>Send them to your guests.<\/li>\n<\/ol>\n<h2>To remove the watermark from Invitaciones Editables<\/h2>\nTo remove the trademark from our logo you must do the following:\n<ol>\n<li>Once your invitation is personalized, you must proceed to select the option: \"01-Only remove watermark\"<\/li>\n<li>Then proceed to click the \"Add to cart\" button<\/li>\n <li>On the cart page, check that your order is there<\/li>\n <li>Then click on the button <a href=\"https:\/\/www.invitacioneseditables.com\/en\/checkout\/\">PROCEED TO CHECKOUT<\/a><\/li>\n <li>Complete the billing fields and select the payment method.<\/li>\n <li>Once payment is complete, you will receive an email with a link to download the invitation.<\/li>\n <li>When you open the link, the invitation will be downloaded in jpg format.<\/li>\n <li>Send them to your guests.<\/li>\n<\/ol>\n<p>In the same way you can see the video tutorials in the following link: <a href=\"https:\/\/www.invitacioneseditables.com\/en\/how-to-edit\/\">How to edit?<\/a><\/p><div class=\"invit-parrafo\" style=\"margin-bottom: 21px;\" id=\"invit-2822508377\"><div class=\"invit-adlabel\">Ad<\/div><script async src=\"\/\/pagead2.googlesyndication.com\/pagead\/js\/adsbygoogle.js?client=ca-pub-5898140149382035\" crossorigin=\"anonymous\"><\/script><ins class=\"adsbygoogle\" style=\"display:block;\" data-ad-client=\"ca-pub-5898140149382035\" \ndata-ad-slot=\"4587379982\" \ndata-ad-format=\"auto\"><\/ins>\n<script> \n(adsbygoogle = window.adsbygoogle || []).push({}); \n<\/script>\n<\/div>\n<p>Save time and money with this editable <strong>Angry Birds<\/strong> invitation and focus your budget on other details such as food, decorations, entertainment and games for your Angry Birds themed party.<\/p>\n<p>With this we are not saying that the invitation is not important, it is important because it is practically your first interaction with the guest so that he\/she knows what the party is about and this nice free <strong>Angry Birds <\/strong>invitation will help you.<\/p>\n<p>The era of paper invitations has gone out of fashion and we are now in the digital era, which allows us to be environmentally friendly by not using paper.<\/p>\n<div style=\"margin-bottom: 21px;margin-left: auto;margin-right: auto;text-align: center;\" id=\"invit-1611055108\"><div class=\"invit-adlabel\">Ad<\/div><script async src=\"\/\/pagead2.googlesyndication.com\/pagead\/js\/adsbygoogle.js?client=ca-pub-5898140149382035\" crossorigin=\"anonymous\"><\/script><ins class=\"adsbygoogle\" style=\"display:block;\" data-ad-client=\"ca-pub-5898140149382035\" \ndata-ad-slot=\"7076824832\" \ndata-ad-format=\"auto\"><\/ins>\n<script> \n(adsbygoogle = window.adsbygoogle || []).push({}); \n<\/script>\n<\/div>\n<h2 style=\"text-align: center;\">Benefits of the Angry Birds Digital Invitation<\/h2>\n<ul>\n<li>Environmentally friendly<\/li>\n<li>You save money (free)<\/li>\n<li>Immediate delivery (by whatsapp or social network)<\/li>\n<li>It is innovative<\/li>\n<\/ul>\n<h2 style=\"text-align: center;\">How to make an Angry Birds digital invitation?<\/h2>\n<p><iframe title=\"C\u00f3mo hacer una invitaci\u00f3n digital de Angry Birds, f\u00e1cil y gratis\" width=\"640\" height=\"360\" src=\"https:\/\/www.youtube.com\/embed\/K1Urds7MBPg?feature=oembed\" frameborder=\"0\" allow=\"accelerometer; autoplay; clipboard-write; encrypted-media; gyroscope; picture-in-picture; web-share\" referrerpolicy=\"strict-origin-when-cross-origin\" allowfullscreen><\/iframe><\/p>\n<p>Don&#8217;t be complicated to design an invitation. This <strong>Angry Birds <\/strong>invitation to edit online will get you out of trouble.<\/p>\n\n","protected":false},"excerpt":{"rendered":"<p>Edit <strong>easily<\/strong> and <strong>for free<\/strong> this <strong>Angry Birds <\/strong>birthday invitation and send it to all your guests by Whatsapp.<\/p>\n<ul>\n<li>Downloadable file in jpg or png format<\/li>\n<li>Resolution of 600 pixels by 1000 pixels<\/li>\n<\/ul>\n<p><em><strong>Only if you want to remove the watermark from editable invitations, you will need to add it to the shopping cart and checkout.<\/strong><\/em><\/p>\n<p>Follow the instructions below and make this <strong>free<\/strong> <strong>Angry Birds invitation<\/strong>.<\/p>\n","protected":false},"featured_media":3518,"comment_status":"open","ping_status":"closed","template":"","meta":[],"product_brand":[],"product_cat":[278,218,215],"product_tag":[],"class_list":{"0":"post-3172","1":"product","2":"type-product","3":"status-publish","4":"has-post-thumbnail","6":"product_cat-angry-birds-en","7":"product_cat-birthday","8":"product_cat-editable-invitations","10":"first","11":"instock","12":"shipping-taxable","13":"purchasable","14":"product-type-variable"},"jetpack_sharing_enabled":true,"_links":{"self":[{"href":"https:\/\/www.invitacioneseditables.com\/en\/wp-json\/wp\/v2\/product\/3172","targetHints":{"allow":["GET"]}}],"collection":[{"href":"https:\/\/www.invitacioneseditables.com\/en\/wp-json\/wp\/v2\/product"}],"about":[{"href":"https:\/\/www.invitacioneseditables.com\/en\/wp-json\/wp\/v2\/types\/product"}],"replies":[{"embeddable":true,"href":"https:\/\/www.invitacioneseditables.com\/en\/wp-json\/wp\/v2\/comments?post=3172"}],"wp:featuredmedia":[{"embeddable":true,"href":"https:\/\/www.invitacioneseditables.com\/en\/wp-json\/wp\/v2\/media\/3518"}],"wp:attachment":[{"href":"https:\/\/www.invitacioneseditables.com\/en\/wp-json\/wp\/v2\/media?parent=3172"}],"wp:term":[{"taxonomy":"product_brand","embeddable":true,"href":"https:\/\/www.invitacioneseditables.com\/en\/wp-json\/wp\/v2\/product_brand?post=3172"},{"taxonomy":"product_cat","embeddable":true,"href":"https:\/\/www.invitacioneseditables.com\/en\/wp-json\/wp\/v2\/product_cat?post=3172"},{"taxonomy":"product_tag","embeddable":true,"href":"https:\/\/www.invitacioneseditables.com\/en\/wp-json\/wp\/v2\/product_tag?post=3172"}],"curies":[{"name":"wp","href":"https:\/\/api.w.org\/{rel}","templated":true}]}}