{"id":2977,"date":"2022-03-10T11:32:42","date_gmt":"2022-03-10T16:32:42","guid":{"rendered":"https:\/\/www.invitacioneseditables.com\/how-to-edit\/"},"modified":"2022-08-31T09:44:25","modified_gmt":"2022-08-31T14:44:25","slug":"how-to-edit","status":"publish","type":"page","link":"https:\/\/www.invitacioneseditables.com\/en\/how-to-edit\/","title":{"rendered":"How to edit?"},"content":{"rendered":"<div class=\"invit-antes-del-contenido\" id=\"invit-3864667538\"><div class=\"invit-adlabel\">Ad<\/div><div style=\"margin-bottom: 21px;margin-left: auto;margin-right: auto;text-align: center;\" id=\"invit-351921811\"><script async src=\"\/\/pagead2.googlesyndication.com\/pagead\/js\/adsbygoogle.js?client=ca-pub-5898140149382035\" crossorigin=\"anonymous\"><\/script><ins class=\"adsbygoogle\" style=\"display:block;\" data-ad-client=\"ca-pub-5898140149382035\" \ndata-ad-slot=\"9332988944\" \ndata-ad-format=\"auto\"><\/ins>\n<script> \n(adsbygoogle = window.adsbygoogle || []).push({}); \n<\/script>\n<\/div><\/div>\n<h2 class=\"wp-block-heading\">How to edit our invitations?<\/h2>\n\n\n\n<p>In this video we will show you how easy it is to edit our predesigned invitations for free.<\/p><div class=\"invit-parrafo\" style=\"margin-bottom: 21px;\" id=\"invit-3409111912\"><div class=\"invit-adlabel\">Ad<\/div><script async src=\"\/\/pagead2.googlesyndication.com\/pagead\/js\/adsbygoogle.js?client=ca-pub-5898140149382035\" crossorigin=\"anonymous\"><\/script><ins class=\"adsbygoogle\" style=\"display:block;\" data-ad-client=\"ca-pub-5898140149382035\" \ndata-ad-slot=\"4587379982\" \ndata-ad-format=\"auto\"><\/ins>\n<script> \n(adsbygoogle = window.adsbygoogle || []).push({}); \n<\/script>\n<\/div>\n\n\n\n<figure class=\"wp-block-embed is-type-video is-provider-youtube wp-block-embed-youtube wp-embed-aspect-16-9 wp-has-aspect-ratio\"><div class=\"wp-block-embed__wrapper\">\n<iframe title=\"\u00bfC\u00f3mo crear una invitaci\u00f3n gratis en www.invitacioneseditables.com?\" width=\"640\" height=\"360\" src=\"https:\/\/www.youtube.com\/embed\/JEvjXNVIrLM?feature=oembed\" frameborder=\"0\" allow=\"accelerometer; autoplay; clipboard-write; encrypted-media; gyroscope; picture-in-picture; web-share\" referrerpolicy=\"strict-origin-when-cross-origin\" allowfullscreen><\/iframe>\n<\/div><\/figure>\n\n\n\n<div style=\"height:100px\" aria-hidden=\"true\" class=\"wp-block-spacer\"><\/div>\n\n\n\n<p><\/p>\n\n\n\n<h2 class=\"wp-block-heading\">How to remove the watermark of Editable Invitations from the created invitation?<\/h2>\n\n\n\n<p><\/p>\n\n\n\n<figure class=\"wp-block-embed is-type-video is-provider-youtube wp-block-embed-youtube wp-embed-aspect-16-9 wp-has-aspect-ratio\"><div class=\"wp-block-embed__wrapper\">\n<iframe title=\"\u00bfC\u00f3mo editar y descargar una invitaci\u00f3n de www.invitacioneseditables?\" width=\"640\" height=\"360\" src=\"https:\/\/www.youtube.com\/embed\/L9RbMwY060g?feature=oembed\" frameborder=\"0\" allow=\"accelerometer; autoplay; clipboard-write; encrypted-media; gyroscope; picture-in-picture; web-share\" referrerpolicy=\"strict-origin-when-cross-origin\" allowfullscreen><\/iframe>\n<\/div><\/figure>\n\n\n\n<p><\/p>\n\n\n\n<div style=\"height:100px\" aria-hidden=\"true\" class=\"wp-block-spacer\"><\/div>\n\n\n\n<h2 class=\"wp-block-heading\">Edit a name composed of 2 layers:<\/h2>\n\n\n\n<p><\/p>\n\n\n\n<figure class=\"wp-block-embed is-type-video is-provider-youtube wp-block-embed-youtube wp-embed-aspect-16-9 wp-has-aspect-ratio\"><div class=\"wp-block-embed__wrapper\">\n<iframe title=\"\u00bfC\u00f3mo editar un nombre compuesto por 2 capas en www.invitacioneseditables.com?\" width=\"640\" height=\"360\" src=\"https:\/\/www.youtube.com\/embed\/g04QAGPn-Ak?feature=oembed\" frameborder=\"0\" allow=\"accelerometer; autoplay; clipboard-write; encrypted-media; gyroscope; picture-in-picture; web-share\" referrerpolicy=\"strict-origin-when-cross-origin\" allowfullscreen><\/iframe>\n<\/div><\/figure>\n\n\n\n<div style=\"height:100px\" aria-hidden=\"true\" class=\"wp-block-spacer\"><\/div>\n\n\n\n<h2 class=\"wp-block-heading\">Adding a QR code with your location on google maps to the invitations<\/h2>\n\n\n\n<figure class=\"wp-block-embed is-type-video is-provider-youtube wp-block-embed-youtube wp-embed-aspect-16-9 wp-has-aspect-ratio\"><div class=\"wp-block-embed__wrapper\">\n<iframe title=\"C\u00f3mo agregarle nuestra ubicaci\u00f3n de google maps a nuestra invitaci\u00f3n\" width=\"640\" height=\"360\" src=\"https:\/\/www.youtube.com\/embed\/6PdRqiWyJZ0?feature=oembed\" frameborder=\"0\" allow=\"accelerometer; autoplay; clipboard-write; encrypted-media; gyroscope; picture-in-picture; web-share\" referrerpolicy=\"strict-origin-when-cross-origin\" allowfullscreen><\/iframe>\n<\/div><\/figure>\n","protected":false},"excerpt":{"rendered":"<p>How to edit our invitations? In this video we will show you how easy it is to edit our predesigned invitations for free. How to remove the watermark of Editable Invitations from the created invitation? Edit a name composed of 2 layers: Adding a QR code with your location on google maps to the invitations<\/p>\n","protected":false},"author":1,"featured_media":0,"parent":0,"menu_order":0,"comment_status":"closed","ping_status":"closed","template":"","meta":{"footnotes":""},"class_list":["post-2977","page","type-page","status-publish","hentry"],"jetpack_sharing_enabled":true,"_links":{"self":[{"href":"https:\/\/www.invitacioneseditables.com\/en\/wp-json\/wp\/v2\/pages\/2977","targetHints":{"allow":["GET"]}}],"collection":[{"href":"https:\/\/www.invitacioneseditables.com\/en\/wp-json\/wp\/v2\/pages"}],"about":[{"href":"https:\/\/www.invitacioneseditables.com\/en\/wp-json\/wp\/v2\/types\/page"}],"author":[{"embeddable":true,"href":"https:\/\/www.invitacioneseditables.com\/en\/wp-json\/wp\/v2\/users\/1"}],"replies":[{"embeddable":true,"href":"https:\/\/www.invitacioneseditables.com\/en\/wp-json\/wp\/v2\/comments?post=2977"}],"version-history":[{"count":0,"href":"https:\/\/www.invitacioneseditables.com\/en\/wp-json\/wp\/v2\/pages\/2977\/revisions"}],"wp:attachment":[{"href":"https:\/\/www.invitacioneseditables.com\/en\/wp-json\/wp\/v2\/media?parent=2977"}],"curies":[{"name":"wp","href":"https:\/\/api.w.org\/{rel}","templated":true}]}}